{"id":7,"date":"2015-12-04T02:08:28","date_gmt":"2015-12-04T02:08:28","guid":{"rendered":"http:\/\/theme-fusion.com\/avada\/construction\/?page_id=7"},"modified":"2025-08-13T17:07:09","modified_gmt":"2025-08-13T20:07:09","slug":"a-sfor","status":"publish","type":"page","link":"https:\/\/sfor.com.br\/es\/a-sfor\/","title":{"rendered":"Sfor"},"content":{"rendered":"<p><div class=\"fusion-fullwidth fullwidth-box fusion-builder-row-1 fusion-flex-container nonhundred-percent-fullwidth non-hundred-percent-height-scrolling\" style=\"--awb-background-position:left top;--awb-border-sizes-top:0px;--awb-border-sizes-bottom:0px;--awb-border-sizes-left:0px;--awb-border-sizes-right:0px;--awb-border-radius-top-left:0px;--awb-border-radius-top-right:0px;--awb-border-radius-bottom-right:0px;--awb-border-radius-bottom-left:0px;--awb-padding-top:19px;--awb-padding-bottom:6px;--awb-margin-top:0px;--awb-background-color:#43dece;--awb-background-image:linear-gradient(180deg, #49ccf4 0%,#43dece 100%);--awb-flex-wrap:wrap;\" ><div class=\"fusion-builder-row fusion-row fusion-flex-align-items-flex-start fusion-flex-content-wrap\" style=\"max-width:calc( 1170px + 0px );margin-left: calc(-0px \/ 2 );margin-right: calc(-0px \/ 2 );\"><div class=\"fusion-layout-column fusion_builder_column fusion-builder-column-0 fusion_builder_column_1_1 1_1 fusion-flex-column\" style=\"--awb-bg-blend:overlay;--awb-bg-size:cover;--awb-width-large:100%;--awb-margin-top-large:0px;--awb-spacing-right-large:0px;--awb-margin-bottom-large:0px;--awb-spacing-left-large:0px;--awb-width-medium:100%;--awb-spacing-right-medium:0px;--awb-spacing-left-medium:0px;--awb-width-small:100%;--awb-spacing-right-small:0px;--awb-spacing-left-small:0px;\"><div class=\"fusion-column-wrapper fusion-flex-justify-content-flex-start fusion-content-layout-column\"><div class=\"fusion-text fusion-text-1\"><p>SFOR es una empresa 100% brasile\u00f1a<\/p>\n<\/div><\/div><\/div><\/div><\/div><div class=\"fusion-fullwidth fullwidth-box fusion-builder-row-2 mass-responsive-section hundred-percent-fullwidth non-hundred-percent-height-scrolling\" style=\"--awb-background-position:left top;--awb-border-sizes-top:0px;--awb-border-sizes-bottom:0px;--awb-border-sizes-left:0px;--awb-border-sizes-right:0px;--awb-border-radius-top-left:0px;--awb-border-radius-top-right:0px;--awb-border-radius-bottom-right:0px;--awb-border-radius-bottom-left:0px;--awb-padding-top:0px;--awb-padding-right:0px;--awb-padding-bottom:0px;--awb-padding-left:0px;--awb-flex-wrap:wrap;\" id=\"section1\" ><div class=\"fusion-builder-row fusion-row\"><div class=\"fusion-layout-column fusion_builder_column fusion-builder-column-1 fusion_builder_column_5_6 5_6 fusion-five-sixth fusion-column-first mass-intro\" style=\"--awb-padding-right:10%;--awb-padding-left:11%;--awb-padding-right-medium:60px;--awb-padding-left-medium:60px;--awb-padding-right-small:40px;--awb-padding-left-small:40px;--awb-bg-blend:overlay;--awb-bg-size:cover;--awb-margin-top:42px;--awb-margin-bottom:20px;width:82.6666%; margin-right: 4%;\"><div class=\"fusion-column-wrapper fusion-flex-column-wrapper-legacy\"><div class=\"fusion-image-element fusion-image-align-left in-legacy-container\" style=\"text-align:left;--awb-max-width:500px;--awb-caption-title-font-family:var(--h2_typography-font-family);--awb-caption-title-font-weight:var(--h2_typography-font-weight);--awb-caption-title-font-style:var(--h2_typography-font-style);--awb-caption-title-size:var(--h2_typography-font-size);--awb-caption-title-transform:var(--h2_typography-text-transform);--awb-caption-title-line-height:var(--h2_typography-line-height);--awb-caption-title-letter-spacing:var(--h2_typography-letter-spacing);\"><span class=\" fusion-imageframe imageframe-none imageframe-1 hover-type-zoomin\" style=\"margin-right:25px;float:left;\"><img fetchpriority=\"high\" fetchpriority=\"high\" decoding=\"async\" width=\"1280\" height=\"719\" title=\"06\" src=\"https:\/\/sfor.com.br\/es\/wp-content\/uploads\/2022\/01\/06.jpeg\" alt class=\"img-responsive wp-image-2087\" srcset=\"https:\/\/sfor.com.br\/es\/wp-content\/uploads\/2022\/01\/06-200x112.jpeg 200w, https:\/\/sfor.com.br\/es\/wp-content\/uploads\/2022\/01\/06-400x225.jpeg 400w, https:\/\/sfor.com.br\/es\/wp-content\/uploads\/2022\/01\/06-600x337.jpeg 600w, https:\/\/sfor.com.br\/es\/wp-content\/uploads\/2022\/01\/06-800x449.jpeg 800w, https:\/\/sfor.com.br\/es\/wp-content\/uploads\/2022\/01\/06-1200x674.jpeg 1200w, https:\/\/sfor.com.br\/es\/wp-content\/uploads\/2022\/01\/06.jpeg 1280w\" sizes=\"(max-width: 800px) 100vw, 800px\" \/><\/span><\/div><div class=\"fusion-text fusion-text-2\"><p>Fundada en 1886 en la ciudad de S\u00e3o Caetano do Sul, la historia de casi 40 a\u00f1os de Sfor se basa en los valores y ense\u00f1anzas dejados por su fundador, el Sr. En\u00e9sio Sforsin: trabajo duro, persistencia, dedicaci\u00f3n y un enfoque en la entrega de los mejores materiales al mercado, un legado que ha sido continuado por sus sucesores.<\/p>\n<p>Miles de art\u00edculos reflejan un \u00fanico deseo: ofrecer productos y servicios de la m\u00e1xima calidad, actuando con \u00e9tica y respeto hacia los dem\u00e1s.<\/p>\n<p>A lo largo de los a\u00f1os hemos construido una trayectoria reconocida en el segmento de la fijaci\u00f3n, por ser fabricantes con informes t\u00e9cnicos validados por los m\u00e1s renombrados organismos certificadores y por estar presentes entre los principales players del pa\u00eds y tambi\u00e9n en el exterior, en otros 5 pa\u00edses.<\/p>\n<p>Nuestra marca se destaca por la innovaci\u00f3n continua: anticipando tendencias, invirtiendo en nuevas tecnolog\u00edas, desarrollando productos y soluciones diversificadas, comprometidos con la construcci\u00f3n de un portafolio amplio y completo.<\/p>\n<p>Con experiencia, instalaciones modernas, profesionales capacitados, log\u00edstica r\u00e1pida y eficiente, estamos preparados para ofrecer el mejor servicio de forma personalizada para cada socio.<\/p>\n<p>\u00a1Le invitamos a conocernos mejor!<\/p>\n<p>Atentamente,<\/p>\n<p>El equipo Sforplast<\/p>\n<\/div><div class=\"fusion-clearfix\"><\/div><\/div><\/div><\/div><\/div><div class=\"fusion-fullwidth fullwidth-box fusion-builder-row-3 fusion-flex-container nonhundred-percent-fullwidth non-hundred-percent-height-scrolling\" style=\"--awb-background-position:right center;--awb-border-sizes-top:0px;--awb-border-sizes-bottom:0px;--awb-border-sizes-left:0px;--awb-border-sizes-right:0px;--awb-border-radius-top-left:0px;--awb-border-radius-top-right:0px;--awb-border-radius-bottom-right:0px;--awb-border-radius-bottom-left:0px;--awb-flex-wrap:wrap;\" ><div class=\"fusion-builder-row fusion-row fusion-flex-align-items-flex-start fusion-flex-content-wrap\" style=\"max-width:calc( 1170px + 0px );margin-left: calc(-0px \/ 2 );margin-right: calc(-0px \/ 2 );\"><div class=\"fusion-layout-column fusion_builder_column fusion-builder-column-2 fusion_builder_column_1_3 1_3 fusion-flex-column\" style=\"--awb-bg-blend:overlay;--awb-bg-size:cover;--awb-width-large:33.333333333333%;--awb-margin-top-large:0px;--awb-spacing-right-large:0px;--awb-margin-bottom-large:0px;--awb-spacing-left-large:0px;--awb-width-medium:100%;--awb-spacing-right-medium:0px;--awb-spacing-left-medium:0px;--awb-width-small:100%;--awb-spacing-right-small:0px;--awb-spacing-left-small:0px;\"><div class=\"fusion-column-wrapper fusion-flex-justify-content-center fusion-content-layout-column\"><\/div><\/div><div class=\"fusion-layout-column fusion_builder_column fusion-builder-column-3 fusion_builder_column_1_4 1_4 fusion-flex-column\" style=\"--awb-bg-blend:overlay;--awb-bg-size:cover;--awb-width-large:25%;--awb-margin-top-large:0px;--awb-spacing-right-large:0px;--awb-margin-bottom-large:0px;--awb-spacing-left-large:0px;--awb-width-medium:100%;--awb-spacing-right-medium:0px;--awb-spacing-left-medium:0px;--awb-width-small:100%;--awb-spacing-right-small:0px;--awb-spacing-left-small:0px;\"><div class=\"fusion-column-wrapper fusion-flex-justify-content-center fusion-content-layout-column\"><div class=\"fusion-image-element \" style=\"text-align:center;--awb-caption-title-font-family:var(--h2_typography-font-family);--awb-caption-title-font-weight:var(--h2_typography-font-weight);--awb-caption-title-font-style:var(--h2_typography-font-style);--awb-caption-title-size:var(--h2_typography-font-size);--awb-caption-title-transform:var(--h2_typography-text-transform);--awb-caption-title-line-height:var(--h2_typography-line-height);--awb-caption-title-letter-spacing:var(--h2_typography-letter-spacing);\"><span class=\" fusion-imageframe imageframe-none imageframe-2 hover-type-zoomin\" style=\"border-radius:10px;\"><img decoding=\"async\" width=\"650\" height=\"867\" title=\"08\" src=\"https:\/\/sfor.com.br\/es\/wp-content\/uploads\/2022\/01\/08.jpeg\" alt class=\"img-responsive wp-image-2084\" srcset=\"https:\/\/sfor.com.br\/es\/wp-content\/uploads\/2022\/01\/08-200x267.jpeg 200w, https:\/\/sfor.com.br\/es\/wp-content\/uploads\/2022\/01\/08-400x534.jpeg 400w, https:\/\/sfor.com.br\/es\/wp-content\/uploads\/2022\/01\/08-600x800.jpeg 600w, https:\/\/sfor.com.br\/es\/wp-content\/uploads\/2022\/01\/08.jpeg 650w\" sizes=\"(max-width: 1024px) 100vw, (max-width: 640px) 100vw, 400px\" \/><\/span><\/div><div class=\"fusion-text fusion-text-3\"><p style=\"text-align: center;\"><strong>Sr. En\u00e9sio Sforsin<\/strong> \u2013 Founder of Sforplast<\/p>\n<\/div><\/div><\/div><div class=\"fusion-layout-column fusion_builder_column fusion-builder-column-4 fusion_builder_column_1_3 1_3 fusion-flex-column\" style=\"--awb-bg-blend:overlay;--awb-bg-size:cover;--awb-width-large:33.333333333333%;--awb-margin-top-large:0px;--awb-spacing-right-large:0px;--awb-margin-bottom-large:0px;--awb-spacing-left-large:0px;--awb-width-medium:100%;--awb-spacing-right-medium:0px;--awb-spacing-left-medium:0px;--awb-width-small:100%;--awb-spacing-right-small:0px;--awb-spacing-left-small:0px;\"><div class=\"fusion-column-wrapper fusion-flex-justify-content-center fusion-content-layout-column\"><\/div><\/div><\/div><\/div><div class=\"fusion-fullwidth fullwidth-box fusion-builder-row-4 fusion-parallax-fixed nonhundred-percent-fullwidth non-hundred-percent-height-scrolling\" style=\"--awb-background-position:center top;--awb-border-radius-top-left:0px;--awb-border-radius-top-right:0px;--awb-border-radius-bottom-right:0px;--awb-border-radius-bottom-left:0px;--awb-background-image:url(&quot;https:\/\/sfor.com.br\/es\/wp-content\/uploads\/2020\/10\/Capturar-2.jpg&quot;);--awb-background-size:cover;--awb-flex-wrap:wrap;--awb-filter:saturate(99%);--awb-filter-transition:filter 0.3s ease;--awb-filter-hover:saturate(100%);background-attachment:fixed;\" ><div class=\"fusion-builder-row fusion-row\"><div class=\"fusion-layout-column fusion_builder_column fusion-builder-column-5 fusion_builder_column_1_1 1_1 fusion-one-full fusion-column-first fusion-column-last\" style=\"--awb-bg-blend:overlay;--awb-bg-size:cover;--awb-margin-bottom:70px;\"><div class=\"fusion-column-wrapper fusion-flex-column-wrapper-legacy\"><div class=\"fusion-section-separator section-separator slant fusion-section-separator-1\" style=\"--awb-spacer-height:99px;--awb-svg-margin-left:0;--awb-svg-margin-right:0;--awb-divider-height:99px;--awb-spacer-padding-top:inherit;--awb-sep-padding:0;--awb-svg-padding:0;\"><div class=\"fusion-section-separator-svg\"><svg class=\"fusion-slant-candy\" xmlns=\"http:\/\/www.w3.org\/2000\/svg\" version=\"1.1\" width=\"100%\" height=\"100\" viewBox=\"0 0 100 100\" preserveAspectRatio=\"none\" fill=\"rgba(255,255,255,1)\"><path d=\"M100 0 L100 100 L0 0 Z\"><\/path><\/svg><\/div><div class=\"fusion-section-separator-spacer\"><div class=\"fusion-section-separator-spacer-height\"><\/div><\/div><\/div><div class=\"fusion-clearfix\"><\/div><\/div><\/div><div class=\"fusion-layout-column fusion_builder_column fusion-builder-column-6 fusion_builder_column_1_1 1_1 fusion-one-full fusion-column-first fusion-column-last\" style=\"--awb-padding-right:0%;--awb-padding-bottom:30px;--awb-padding-left:0%;--awb-padding-right-medium:60px;--awb-padding-bottom-medium:0px;--awb-padding-left-medium:60px;--awb-bg-blend:overlay;--awb-bg-size:cover;\"><div class=\"fusion-column-wrapper fusion-flex-column-wrapper-legacy\"><div class=\"fusion-title title fusion-title-1 fusion-sep-none fusion-title-center fusion-title-text fusion-title-size-two\" style=\"--awb-text-color:#ffffff;\"><h2 class=\"fusion-title-heading title-heading-center\" style=\"margin:0;\">Legado familiar<\/h2><\/div><div class=\"fusion-sep-clear\"><\/div><div class=\"fusion-separator\" style=\"margin-left: auto;margin-right: auto;margin-top:0px;margin-bottom:30px;width:100%;max-width:206px;\"><div class=\"fusion-separator-border sep-single sep-solid\" style=\"--awb-height:20px;--awb-amount:20px;--awb-sep-color:#43dece;border-color:#43dece;border-top-width:2px;\"><\/div><\/div><div class=\"fusion-sep-clear\"><\/div><div class=\"fusion-testimonials clean awb-speech-bubble-show fusion-testimonials-1\" style=\"--awb-textcolor:#ffffff;--awb-backgroundcolor:rgba(255,255,255,0);--awb-testimonial-border-style:solid;--awb-testimonial-border-color:var(--awb-color3);--awb-border-top-left-radius:0px;--awb-border-top-right-radius:0px;--awb-border-bottom-left-radius:0px;--awb-border-bottom-right-radius:0px;--testimonial-border-width-top:0px;--testimonial-border-width-right:0px;--testimonial-border-width-bottom:0px;--testimonial-border-width-left:0px;\" data-random=\"0\" data-speed=\"4000\"><div class=\"reviews\"><div class=\"review active-testimonial avatar-above no-avatar\"><blockquote class=\"testimonials-shortcode-blockquote\"><div class=\"awb-quote\"><div class=\"awb-quote-content\">\n<p><span style=\"font-weight: 400;\">&#8220;El \u00e9xito nace del deseo. Siempre que un hombre aplique determinaci\u00f3n y persistencia a una meta, vencer\u00e1, y si no alcanza el objetivo, al menos har\u00e1 cosas admirables&#8230;&#8221; Nuestro afecto y gratitud al Fundador que, con trabajo y dignidad, dirigi\u00f3 esta empresa durante 30 a\u00f1os, garantizando siempre el \u00e9xito combinado con honestidad y respeto.<\/span><\/p>\n<\/div><\/div><\/blockquote><div class=\"author\"><span class=\"company-name\"><strong>Sr. En\u00e9sio Sforsin<\/strong><\/span><\/div><\/div><\/div><\/div><div class=\"fusion-clearfix\"><\/div><\/div><\/div><\/div><\/div><\/p>\n","protected":false},"excerpt":{"rendered":"","protected":false},"author":1,"featured_media":0,"parent":0,"menu_order":0,"comment_status":"closed","ping_status":"closed","template":"100-width.php","meta":{"footnotes":""},"class_list":["post-7","page","type-page","status-publish","hentry"],"yoast_head":"<!-- This site is optimized with the Yoast SEO plugin v27.2 - https:\/\/yoast.com\/product\/yoast-seo-wordpress\/ -->\n<title>Sfor - Sfor<\/title>\n<meta name=\"description\" content=\"Temos um atendimento personalizado para cada cliente, respeitando as particularidades de cada canal. Confira!\" \/>\n<meta name=\"robots\" content=\"index, follow, max-snippet:-1, max-image-preview:large, max-video-preview:-1\" \/>\n<link rel=\"canonical\" href=\"https:\/\/sfor.com.br\/es\/a-sfor\/\" \/>\n<meta property=\"og:locale\" content=\"pt_BR\" \/>\n<meta property=\"og:type\" content=\"article\" \/>\n<meta property=\"og:title\" content=\"Sfor - Sfor\" \/>\n<meta property=\"og:description\" content=\"Temos um atendimento personalizado para cada cliente, respeitando as particularidades de cada canal. Confira!\" \/>\n<meta property=\"og:url\" content=\"https:\/\/sfor.com.br\/es\/a-sfor\/\" \/>\n<meta property=\"og:site_name\" content=\"Sfor\" \/>\n<meta property=\"article:modified_time\" content=\"2025-08-13T20:07:09+00:00\" \/>\n<meta name=\"twitter:card\" content=\"summary_large_image\" \/>\n<meta name=\"twitter:label1\" content=\"Est. tempo de leitura\" \/>\n\t<meta name=\"twitter:data1\" content=\"2 minutos\" \/>\n<script type=\"application\/ld+json\" class=\"yoast-schema-graph\">{\"@context\":\"https:\/\/schema.org\",\"@graph\":[{\"@type\":\"WebPage\",\"@id\":\"https:\/\/sfor.com.br\/es\/a-sfor\/\",\"url\":\"https:\/\/sfor.com.br\/es\/a-sfor\/\",\"name\":\"Sfor - Sfor\",\"isPartOf\":{\"@id\":\"https:\/\/sfor.com.br\/es\/#website\"},\"datePublished\":\"2015-12-04T02:08:28+00:00\",\"dateModified\":\"2025-08-13T20:07:09+00:00\",\"description\":\"Temos um atendimento personalizado para cada cliente, respeitando as particularidades de cada canal. Confira!\",\"breadcrumb\":{\"@id\":\"https:\/\/sfor.com.br\/es\/a-sfor\/#breadcrumb\"},\"inLanguage\":\"pt-BR\",\"potentialAction\":[{\"@type\":\"ReadAction\",\"target\":[\"https:\/\/sfor.com.br\/es\/a-sfor\/\"]}]},{\"@type\":\"BreadcrumbList\",\"@id\":\"https:\/\/sfor.com.br\/es\/a-sfor\/#breadcrumb\",\"itemListElement\":[{\"@type\":\"ListItem\",\"position\":1,\"name\":\"Home\",\"item\":\"https:\/\/sfor.com.br\/es\/\"},{\"@type\":\"ListItem\",\"position\":2,\"name\":\"Sfor\"}]},{\"@type\":\"WebSite\",\"@id\":\"https:\/\/sfor.com.br\/es\/#website\",\"url\":\"https:\/\/sfor.com.br\/es\/\",\"name\":\"Sfor\",\"description\":\"Buchas e Parafusos\",\"publisher\":{\"@id\":\"https:\/\/sfor.com.br\/es\/#organization\"},\"potentialAction\":[{\"@type\":\"SearchAction\",\"target\":{\"@type\":\"EntryPoint\",\"urlTemplate\":\"https:\/\/sfor.com.br\/es\/?s={search_term_string}\"},\"query-input\":{\"@type\":\"PropertyValueSpecification\",\"valueRequired\":true,\"valueName\":\"search_term_string\"}}],\"inLanguage\":\"pt-BR\"},{\"@type\":\"Organization\",\"@id\":\"https:\/\/sfor.com.br\/es\/#organization\",\"name\":\"Sfor\",\"url\":\"https:\/\/sfor.com.br\/es\/\",\"logo\":{\"@type\":\"ImageObject\",\"inLanguage\":\"pt-BR\",\"@id\":\"https:\/\/sfor.com.br\/es\/#\/schema\/logo\/image\/\",\"url\":\"https:\/\/sfor.com.br\/es\/wp-content\/uploads\/2020\/08\/sfor_mobile_logo-1.png\",\"contentUrl\":\"https:\/\/sfor.com.br\/es\/wp-content\/uploads\/2020\/08\/sfor_mobile_logo-1.png\",\"width\":158,\"height\":66,\"caption\":\"Sfor\"},\"image\":{\"@id\":\"https:\/\/sfor.com.br\/es\/#\/schema\/logo\/image\/\"}}]}<\/script>\n<!-- \/ Yoast SEO plugin. -->","yoast_head_json":{"title":"Sfor - Sfor","description":"Temos um atendimento personalizado para cada cliente, respeitando as particularidades de cada canal. Confira!","robots":{"index":"index","follow":"follow","max-snippet":"max-snippet:-1","max-image-preview":"max-image-preview:large","max-video-preview":"max-video-preview:-1"},"canonical":"https:\/\/sfor.com.br\/es\/a-sfor\/","og_locale":"pt_BR","og_type":"article","og_title":"Sfor - Sfor","og_description":"Temos um atendimento personalizado para cada cliente, respeitando as particularidades de cada canal. Confira!","og_url":"https:\/\/sfor.com.br\/es\/a-sfor\/","og_site_name":"Sfor","article_modified_time":"2025-08-13T20:07:09+00:00","twitter_card":"summary_large_image","twitter_misc":{"Est. tempo de leitura":"2 minutos"},"schema":{"@context":"https:\/\/schema.org","@graph":[{"@type":"WebPage","@id":"https:\/\/sfor.com.br\/es\/a-sfor\/","url":"https:\/\/sfor.com.br\/es\/a-sfor\/","name":"Sfor - Sfor","isPartOf":{"@id":"https:\/\/sfor.com.br\/es\/#website"},"datePublished":"2015-12-04T02:08:28+00:00","dateModified":"2025-08-13T20:07:09+00:00","description":"Temos um atendimento personalizado para cada cliente, respeitando as particularidades de cada canal. Confira!","breadcrumb":{"@id":"https:\/\/sfor.com.br\/es\/a-sfor\/#breadcrumb"},"inLanguage":"pt-BR","potentialAction":[{"@type":"ReadAction","target":["https:\/\/sfor.com.br\/es\/a-sfor\/"]}]},{"@type":"BreadcrumbList","@id":"https:\/\/sfor.com.br\/es\/a-sfor\/#breadcrumb","itemListElement":[{"@type":"ListItem","position":1,"name":"Home","item":"https:\/\/sfor.com.br\/es\/"},{"@type":"ListItem","position":2,"name":"Sfor"}]},{"@type":"WebSite","@id":"https:\/\/sfor.com.br\/es\/#website","url":"https:\/\/sfor.com.br\/es\/","name":"Sfor","description":"Buchas e Parafusos","publisher":{"@id":"https:\/\/sfor.com.br\/es\/#organization"},"potentialAction":[{"@type":"SearchAction","target":{"@type":"EntryPoint","urlTemplate":"https:\/\/sfor.com.br\/es\/?s={search_term_string}"},"query-input":{"@type":"PropertyValueSpecification","valueRequired":true,"valueName":"search_term_string"}}],"inLanguage":"pt-BR"},{"@type":"Organization","@id":"https:\/\/sfor.com.br\/es\/#organization","name":"Sfor","url":"https:\/\/sfor.com.br\/es\/","logo":{"@type":"ImageObject","inLanguage":"pt-BR","@id":"https:\/\/sfor.com.br\/es\/#\/schema\/logo\/image\/","url":"https:\/\/sfor.com.br\/es\/wp-content\/uploads\/2020\/08\/sfor_mobile_logo-1.png","contentUrl":"https:\/\/sfor.com.br\/es\/wp-content\/uploads\/2020\/08\/sfor_mobile_logo-1.png","width":158,"height":66,"caption":"Sfor"},"image":{"@id":"https:\/\/sfor.com.br\/es\/#\/schema\/logo\/image\/"}}]}},"_links":{"self":[{"href":"https:\/\/sfor.com.br\/es\/wp-json\/wp\/v2\/pages\/7","targetHints":{"allow":["GET"]}}],"collection":[{"href":"https:\/\/sfor.com.br\/es\/wp-json\/wp\/v2\/pages"}],"about":[{"href":"https:\/\/sfor.com.br\/es\/wp-json\/wp\/v2\/types\/page"}],"author":[{"embeddable":true,"href":"https:\/\/sfor.com.br\/es\/wp-json\/wp\/v2\/users\/1"}],"replies":[{"embeddable":true,"href":"https:\/\/sfor.com.br\/es\/wp-json\/wp\/v2\/comments?post=7"}],"version-history":[{"count":10,"href":"https:\/\/sfor.com.br\/es\/wp-json\/wp\/v2\/pages\/7\/revisions"}],"predecessor-version":[{"id":2846,"href":"https:\/\/sfor.com.br\/es\/wp-json\/wp\/v2\/pages\/7\/revisions\/2846"}],"wp:attachment":[{"href":"https:\/\/sfor.com.br\/es\/wp-json\/wp\/v2\/media?parent=7"}],"curies":[{"name":"wp","href":"https:\/\/api.w.org\/{rel}","templated":true}]}}