{"id":1169,"date":"2022-03-03T08:36:34","date_gmt":"2022-03-03T11:36:34","guid":{"rendered":"https:\/\/sfor.com.br\/produtos\/?page_id=1169"},"modified":"2022-04-20T14:03:22","modified_gmt":"2022-04-20T17:03:22","slug":"eletrica-23-terminal-macho-pre-isolado","status":"publish","type":"page","link":"https:\/\/sfor.com.br\/produtos\/eletrica-23-terminal-macho-pre-isolado\/","title":{"rendered":"eletrica 23 terminal macho pre isolado"},"content":{"rendered":"\t\t<div data-elementor-type=\"wp-page\" data-elementor-id=\"1169\" class=\"elementor elementor-1169\" data-elementor-post-type=\"page\">\n\t\t\t\t\t\t<section class=\"elementor-section elementor-top-section elementor-element elementor-element-8338b5a elementor-section-full_width elementor-section-height-default elementor-section-height-default\" data-id=\"8338b5a\" data-element_type=\"section\" data-settings=\"{&quot;ekit_has_onepagescroll_dot&quot;:&quot;yes&quot;}\">\n\t\t\t\t\t\t<div class=\"elementor-container elementor-column-gap-default\">\n\t\t\t\t\t<div class=\"elementor-column elementor-col-100 elementor-top-column elementor-element elementor-element-b9c1edc\" data-id=\"b9c1edc\" data-element_type=\"column\">\n\t\t\t<div class=\"elementor-widget-wrap elementor-element-populated\">\n\t\t\t\t\t\t<div class=\"elementor-element elementor-element-9fd016e elementor-widget elementor-widget-image\" data-id=\"9fd016e\" data-element_type=\"widget\" data-settings=\"{&quot;ekit_we_effect_on&quot;:&quot;none&quot;}\" data-widget_type=\"image.default\">\n\t\t\t\t<div class=\"elementor-widget-container\">\n\t\t\t\t\t\t\t\t\t\t\t\t\t\t\t<img fetchpriority=\"high\" decoding=\"async\" width=\"2560\" height=\"597\" src=\"https:\/\/sfor.com.br\/produtos\/wp-content\/uploads\/2022\/03\/03-PDVs-scaled.jpg\" class=\"attachment-full size-full wp-image-953\" alt=\"\" srcset=\"https:\/\/sfor.com.br\/produtos\/wp-content\/uploads\/2022\/03\/03-PDVs-scaled.jpg 2560w, https:\/\/sfor.com.br\/produtos\/wp-content\/uploads\/2022\/03\/03-PDVs-300x70.jpg 300w, https:\/\/sfor.com.br\/produtos\/wp-content\/uploads\/2022\/03\/03-PDVs-1024x239.jpg 1024w, https:\/\/sfor.com.br\/produtos\/wp-content\/uploads\/2022\/03\/03-PDVs-768x179.jpg 768w, https:\/\/sfor.com.br\/produtos\/wp-content\/uploads\/2022\/03\/03-PDVs-1536x358.jpg 1536w, https:\/\/sfor.com.br\/produtos\/wp-content\/uploads\/2022\/03\/03-PDVs-2048x478.jpg 2048w\" sizes=\"(max-width: 2560px) 100vw, 2560px\" \/>\t\t\t\t\t\t\t\t\t\t\t\t\t\t\t<\/div>\n\t\t\t\t<\/div>\n\t\t\t\t\t<\/div>\n\t\t<\/div>\n\t\t\t\t\t<\/div>\n\t\t<\/section>\n\t\t\t\t<section class=\"elementor-section elementor-top-section elementor-element elementor-element-071e625 elementor-section-boxed elementor-section-height-default elementor-section-height-default\" data-id=\"071e625\" data-element_type=\"section\" data-settings=\"{&quot;ekit_has_onepagescroll_dot&quot;:&quot;yes&quot;}\">\n\t\t\t\t\t\t<div class=\"elementor-container elementor-column-gap-default\">\n\t\t\t\t\t<div class=\"elementor-column elementor-col-50 elementor-top-column elementor-element elementor-element-584d183\" data-id=\"584d183\" data-element_type=\"column\">\n\t\t\t<div class=\"elementor-widget-wrap elementor-element-populated\">\n\t\t\t\t\t\t<div class=\"elementor-element elementor-element-b37177a elementor-widget elementor-widget-image\" data-id=\"b37177a\" data-element_type=\"widget\" data-settings=\"{&quot;ekit_we_effect_on&quot;:&quot;none&quot;}\" data-widget_type=\"image.default\">\n\t\t\t\t<div class=\"elementor-widget-container\">\n\t\t\t\t\t\t\t\t\t\t\t\t\t\t\t<img decoding=\"async\" width=\"500\" height=\"500\" src=\"https:\/\/sfor.com.br\/produtos\/wp-content\/uploads\/2022\/03\/39-terminal-macho.png\" class=\"attachment-large size-large wp-image-1013\" alt=\"\" srcset=\"https:\/\/sfor.com.br\/produtos\/wp-content\/uploads\/2022\/03\/39-terminal-macho.png 500w, https:\/\/sfor.com.br\/produtos\/wp-content\/uploads\/2022\/03\/39-terminal-macho-300x300.png 300w, https:\/\/sfor.com.br\/produtos\/wp-content\/uploads\/2022\/03\/39-terminal-macho-150x150.png 150w\" sizes=\"(max-width: 500px) 100vw, 500px\" \/>\t\t\t\t\t\t\t\t\t\t\t\t\t\t\t<\/div>\n\t\t\t\t<\/div>\n\t\t\t\t\t<\/div>\n\t\t<\/div>\n\t\t\t\t<div class=\"elementor-column elementor-col-50 elementor-top-column elementor-element elementor-element-2402bff\" data-id=\"2402bff\" data-element_type=\"column\" data-settings=\"{&quot;background_background&quot;:&quot;classic&quot;}\">\n\t\t\t<div class=\"elementor-widget-wrap elementor-element-populated\">\n\t\t\t\t\t\t<div class=\"elementor-element elementor-element-4bc5961 elementor-widget elementor-widget-heading\" data-id=\"4bc5961\" data-element_type=\"widget\" data-settings=\"{&quot;ekit_we_effect_on&quot;:&quot;none&quot;}\" data-widget_type=\"heading.default\">\n\t\t\t\t<div class=\"elementor-widget-container\">\n\t\t\t\t\t<h2 class=\"elementor-heading-title elementor-size-default\">terminal MACHO PR\u00c9-ISOLADO<\/h2>\t\t\t\t<\/div>\n\t\t\t\t<\/div>\n\t\t\t\t\t<\/div>\n\t\t<\/div>\n\t\t\t\t\t<\/div>\n\t\t<\/section>\n\t\t\t\t<section class=\"elementor-section elementor-top-section elementor-element elementor-element-420c48d elementor-section-boxed elementor-section-height-default elementor-section-height-default\" data-id=\"420c48d\" data-element_type=\"section\" data-settings=\"{&quot;ekit_has_onepagescroll_dot&quot;:&quot;yes&quot;}\">\n\t\t\t\t\t\t<div class=\"elementor-container elementor-column-gap-default\">\n\t\t\t\t\t<div class=\"elementor-column elementor-col-100 elementor-top-column elementor-element elementor-element-19589af\" data-id=\"19589af\" data-element_type=\"column\">\n\t\t\t<div class=\"elementor-widget-wrap elementor-element-populated\">\n\t\t\t\t\t\t<div class=\"elementor-element elementor-element-50fea3f elementor-widget elementor-widget-elementskit-table\" data-id=\"50fea3f\" data-element_type=\"widget\" data-settings=\"{&quot;ekit_we_effect_on&quot;:&quot;none&quot;}\" data-widget_type=\"elementskit-table.default\">\n\t\t\t\t<div class=\"elementor-widget-container\">\n\t\t\t\t\t<div class=\"ekit-wid-con\" >\n        <div class=\"ekit_table display  ekit_table_data_type-custom\" data-settings=\"{&quot;fixedHeader&quot;:false,&quot;search&quot;:false,&quot;search_placeholder&quot;:&quot;&quot;,&quot;responsive&quot;:true,&quot;pagination&quot;:false,&quot;button&quot;:true,&quot;entries&quot;:false,&quot;info&quot;:false,&quot;ordering&quot;:false,&quot;searchIcon&quot;:&quot;&quot;,&quot;item_per_page&quot;:100,&quot;nav_style&quot;:&quot;&quot;,&quot;prev_text&quot;:&quot;&quot;,&quot;next_text&quot;:&quot;&quot;,&quot;prev_arrow&quot;:&quot;&quot;,&quot;next_arrow&quot;:&quot;&quot;}\">\n                <table id=\"ekit-table-container-50fea3f\" class=\"display dataTable\" style=\"width:100%\"><thead><tr>                            <th class=\"elementor-repeater-item-9d5ee4f\"><div class=\"ekit_table_item_container  ekit-table-container- \">\n                                Embalagens                            <\/div><\/th>\n                                                   <th class=\"elementor-repeater-item-4456991\"><div class=\"ekit_table_item_container  ekit-table-container- \">\n                                C\u00f3digo                            <\/div><\/th>\n                                                   <th class=\"elementor-repeater-item-b3afdf4\"><div class=\"ekit_table_item_container  ekit-table-container- \">\n                                Modelo                            <\/div><\/th>\n                                                   <th class=\"elementor-repeater-item-84b536e\"><div class=\"ekit_table_item_container  ekit-table-container- \">\n                                Quantidade                            <\/div><\/th>\n                                                   <th class=\"elementor-repeater-item-879326f\"><div class=\"ekit_table_item_container  ekit-table-container- \">\n                                M\u00faltiplo                            <\/div><\/th>\n                        <\/tr><\/thead><tbody><tr>                            <td data-order=\"Cartela\" class=\"elementor-repeater-item-84d1f16 ekit_table_data_\">\n                                \n                                    <div class=\"ekit_table_body_container ekit_table_data_ ekit_body_align_center\">\n                                        Cartela                                    <\/div>\n\n                                                            <\/td>\n                                                    <td data-order=\"3508\" class=\"elementor-repeater-item-9e64fb8 ekit_table_data_\">\n                                \n                                    <div class=\"ekit_table_body_container ekit_table_data_ ekit_body_align_center\">\n                                        3508                                    <\/div>\n\n                                                            <\/td>\n                                                    <td data-order=\"0,5x1,5 mm\u00b2 (VM)\" class=\"elementor-repeater-item-ba90c5d ekit_table_data_\">\n                                \n                                    <div class=\"ekit_table_body_container ekit_table_data_ ekit_body_align_center\">\n                                        0,5x1,5 mm\u00b2 (VM)                                    <\/div>\n\n                                                            <\/td>\n                                                    <td data-order=\"20\" class=\"elementor-repeater-item-5ff6bc9 ekit_table_data_\">\n                                \n                                    <div class=\"ekit_table_body_container ekit_table_data_ ekit_body_align_center\">\n                                        20                                    <\/div>\n\n                                                            <\/td>\n                                                    <td data-order=\"10\" class=\"elementor-repeater-item-2c93d4a ekit_table_data_\">\n                                \n                                    <div class=\"ekit_table_body_container ekit_table_data_ ekit_body_align_center\">\n                                        10                                    <\/div>\n\n                                                            <\/td>\n                        <tr>                            <td data-order=\"Cartela\" class=\"elementor-repeater-item-e389345 ekit_table_data_\">\n                                \n                                    <div class=\"ekit_table_body_container ekit_table_data_ ekit_body_align_center\">\n                                        Cartela                                    <\/div>\n\n                                                            <\/td>\n                                                    <td data-order=\"3510\" class=\"elementor-repeater-item-f741d9a ekit_table_data_\">\n                                \n                                    <div class=\"ekit_table_body_container ekit_table_data_ ekit_body_align_center\">\n                                        3510                                    <\/div>\n\n                                                            <\/td>\n                                                    <td data-order=\"1,5x2,5 mm\u00b2 (AZ)\" class=\"elementor-repeater-item-e678eab ekit_table_data_\">\n                                \n                                    <div class=\"ekit_table_body_container ekit_table_data_ ekit_body_align_center\">\n                                        1,5x2,5 mm\u00b2 (AZ)                                    <\/div>\n\n                                                            <\/td>\n                                                    <td data-order=\"20\" class=\"elementor-repeater-item-37ef8c6 ekit_table_data_\">\n                                \n                                    <div class=\"ekit_table_body_container ekit_table_data_ ekit_body_align_center\">\n                                        20                                    <\/div>\n\n                                                            <\/td>\n                                                    <td data-order=\"10\" class=\"elementor-repeater-item-f9221f0 ekit_table_data_\">\n                                \n                                    <div class=\"ekit_table_body_container ekit_table_data_ ekit_body_align_center\">\n                                        10                                    <\/div>\n\n                                                            <\/td>\n                        <tr>                            <td data-order=\"Cartela\" class=\"elementor-repeater-item-f9c6bf6 ekit_table_data_\">\n                                \n                                    <div class=\"ekit_table_body_container ekit_table_data_ ekit_body_align_center\">\n                                        Cartela                                    <\/div>\n\n                                                            <\/td>\n                                                    <td data-order=\"3512\" class=\"elementor-repeater-item-8f97acc ekit_table_data_\">\n                                \n                                    <div class=\"ekit_table_body_container ekit_table_data_ ekit_body_align_center\">\n                                        3512                                    <\/div>\n\n                                                            <\/td>\n                                                    <td data-order=\"4,0x6,0 mm\u00b2 (AM)\" class=\"elementor-repeater-item-448c387 ekit_table_data_\">\n                                \n                                    <div class=\"ekit_table_body_container ekit_table_data_ ekit_body_align_center\">\n                                        4,0x6,0 mm\u00b2 (AM)                                    <\/div>\n\n                                                            <\/td>\n                                                    <td data-order=\"20\" class=\"elementor-repeater-item-1b64434 ekit_table_data_\">\n                                \n                                    <div class=\"ekit_table_body_container ekit_table_data_ ekit_body_align_center\">\n                                        20                                    <\/div>\n\n                                                            <\/td>\n                                                    <td data-order=\"10\" class=\"elementor-repeater-item-b695c2c ekit_table_data_\">\n                                \n                                    <div class=\"ekit_table_body_container ekit_table_data_ ekit_body_align_center\">\n                                        10                                    <\/div>\n\n                                                            <\/td>\n                        <tr>                            <td data-order=\"Pacote Profissional\" class=\"elementor-repeater-item-75fde04 ekit_table_data_\">\n                                \n                                    <div class=\"ekit_table_body_container ekit_table_data_ ekit_body_align_center\">\n                                        Pacote Profissional                                    <\/div>\n\n                                                            <\/td>\n                                                    <td data-order=\"4796\" class=\"elementor-repeater-item-5668c6c ekit_table_data_\">\n                                \n                                    <div class=\"ekit_table_body_container ekit_table_data_ ekit_body_align_center\">\n                                        4796                                    <\/div>\n\n                                                            <\/td>\n                                                    <td data-order=\"0,5x1,5 mm\u00b2 (VM)\" class=\"elementor-repeater-item-0073214 ekit_table_data_\">\n                                \n                                    <div class=\"ekit_table_body_container ekit_table_data_ ekit_body_align_center\">\n                                        0,5x1,5 mm\u00b2 (VM)                                    <\/div>\n\n                                                            <\/td>\n                                                    <td data-order=\"100\" class=\"elementor-repeater-item-33f580d ekit_table_data_\">\n                                \n                                    <div class=\"ekit_table_body_container ekit_table_data_ ekit_body_align_center\">\n                                        100                                    <\/div>\n\n                                                            <\/td>\n                                                    <td data-order=\"10\" class=\"elementor-repeater-item-95a9dfd ekit_table_data_\">\n                                \n                                    <div class=\"ekit_table_body_container ekit_table_data_ ekit_body_align_center\">\n                                        10                                    <\/div>\n\n                                                            <\/td>\n                        <tr>                            <td data-order=\"Pacote Profissional\" class=\"elementor-repeater-item-6fe95c5 ekit_table_data_\">\n                                \n                                    <div class=\"ekit_table_body_container ekit_table_data_ ekit_body_align_center\">\n                                        Pacote Profissional                                    <\/div>\n\n                                                            <\/td>\n                                                    <td data-order=\"4795\" class=\"elementor-repeater-item-1ac8c3c ekit_table_data_\">\n                                \n                                    <div class=\"ekit_table_body_container ekit_table_data_ ekit_body_align_center\">\n                                        4795                                    <\/div>\n\n                                                            <\/td>\n                                                    <td data-order=\"1,5x2,5 mm\u00b2 (AZ)\" class=\"elementor-repeater-item-5ac8ca5 ekit_table_data_\">\n                                \n                                    <div class=\"ekit_table_body_container ekit_table_data_ ekit_body_align_center\">\n                                        1,5x2,5 mm\u00b2 (AZ)                                    <\/div>\n\n                                                            <\/td>\n                                                    <td data-order=\"100\" class=\"elementor-repeater-item-a263aa0 ekit_table_data_\">\n                                \n                                    <div class=\"ekit_table_body_container ekit_table_data_ ekit_body_align_center\">\n                                        100                                    <\/div>\n\n                                                            <\/td>\n                                                    <td data-order=\"10\" class=\"elementor-repeater-item-d1834fe ekit_table_data_\">\n                                \n                                    <div class=\"ekit_table_body_container ekit_table_data_ ekit_body_align_center\">\n                                        10                                    <\/div>\n\n                                                            <\/td>\n                        <tr>                            <td data-order=\"Pacote Profissional\" class=\"elementor-repeater-item-25e1bc9 ekit_table_data_\">\n                                \n                                    <div class=\"ekit_table_body_container ekit_table_data_ ekit_body_align_center\">\n                                        Pacote Profissional                                    <\/div>\n\n                                                            <\/td>\n                                                    <td data-order=\"4794\" class=\"elementor-repeater-item-cf9c4bd ekit_table_data_\">\n                                \n                                    <div class=\"ekit_table_body_container ekit_table_data_ ekit_body_align_center\">\n                                        4794                                    <\/div>\n\n                                                            <\/td>\n                                                    <td data-order=\"4,0x6,0 mm\u00b2 (AM)\" class=\"elementor-repeater-item-eb2ca62 ekit_table_data_\">\n                                \n                                    <div class=\"ekit_table_body_container ekit_table_data_ ekit_body_align_center\">\n                                        4,0x6,0 mm\u00b2 (AM)                                    <\/div>\n\n                                                            <\/td>\n                                                    <td data-order=\"100\" class=\"elementor-repeater-item-ce2a2d2 ekit_table_data_\">\n                                \n                                    <div class=\"ekit_table_body_container ekit_table_data_ ekit_body_align_center\">\n                                        100                                    <\/div>\n\n                                                            <\/td>\n                                                    <td data-order=\"10\" class=\"elementor-repeater-item-344a608 ekit_table_data_\">\n                                \n                                    <div class=\"ekit_table_body_container ekit_table_data_ ekit_body_align_center\">\n                                        10                                    <\/div>\n\n                                                            <\/td>\n                         <\/tbody><\/table>        <\/div>\n\n\n\n    <\/div>\t\t\t\t<\/div>\n\t\t\t\t<\/div>\n\t\t\t\t\t<\/div>\n\t\t<\/div>\n\t\t\t\t\t<\/div>\n\t\t<\/section>\n\t\t\t\t<\/div>\n\t\t","protected":false},"excerpt":{"rendered":"<p>terminal MACHO PR\u00c9-ISOLADO Embalagens C\u00f3digo Modelo Quantidade M\u00faltiplo Cartela 3508 0,5&#215;1,5 mm\u00b2 (VM) 20 10 Cartela 3510 1,5&#215;2,5 mm\u00b2 (AZ) 20 10 Cartela 3512 4,0&#215;6,0 mm\u00b2 (AM) 20 10 Pacote Profissional 4796 0,5&#215;1,5 mm\u00b2 (VM) 100 10 Pacote Profissional 4795 1,5&#215;2,5 mm\u00b2 (AZ) 100 10 Pacote Profissional 4794 4,0&#215;6,0 mm\u00b2 (AM) 100 10<\/p>\n","protected":false},"author":1,"featured_media":0,"parent":0,"menu_order":0,"comment_status":"closed","ping_status":"closed","template":"","meta":{"site-sidebar-layout":"no-sidebar","site-content-layout":"page-builder","ast-site-content-layout":"","site-content-style":"default","site-sidebar-style":"default","ast-global-header-display":"","ast-banner-title-visibility":"","ast-main-header-display":"","ast-hfb-above-header-display":"","ast-hfb-below-header-display":"","ast-hfb-mobile-header-display":"","site-post-title":"disabled","ast-breadcrumbs-content":"","ast-featured-img":"disabled","footer-sml-layout":"","theme-transparent-header-meta":"","adv-header-id-meta":"","stick-header-meta":"","header-above-stick-meta":"","header-main-stick-meta":"","header-below-stick-meta":"","astra-migrate-meta-layouts":"default","ast-page-background-enabled":"default","ast-page-background-meta":{"desktop":{"background-color":"var(--ast-global-color-4)","background-image":"","background-repeat":"repeat","background-position":"center center","background-size":"auto","background-attachment":"scroll","background-type":"","background-media":"","overlay-type":"","overlay-color":"","overlay-opacity":"","overlay-gradient":""},"tablet":{"background-color":"","background-image":"","background-repeat":"repeat","background-position":"center center","background-size":"auto","background-attachment":"scroll","background-type":"","background-media":"","overlay-type":"","overlay-color":"","overlay-opacity":"","overlay-gradient":""},"mobile":{"background-color":"","background-image":"","background-repeat":"repeat","background-position":"center center","background-size":"auto","background-attachment":"scroll","background-type":"","background-media":"","overlay-type":"","overlay-color":"","overlay-opacity":"","overlay-gradient":""}},"ast-content-background-meta":{"desktop":{"background-color":"var(--ast-global-color-5)","background-image":"","background-repeat":"repeat","background-position":"center center","background-size":"auto","background-attachment":"scroll","background-type":"","background-media":"","overlay-type":"","overlay-color":"","overlay-opacity":"","overlay-gradient":""},"tablet":{"background-color":"var(--ast-global-color-5)","background-image":"","background-repeat":"repeat","background-position":"center center","background-size":"auto","background-attachment":"scroll","background-type":"","background-media":"","overlay-type":"","overlay-color":"","overlay-opacity":"","overlay-gradient":""},"mobile":{"background-color":"var(--ast-global-color-5)","background-image":"","background-repeat":"repeat","background-position":"center center","background-size":"auto","background-attachment":"scroll","background-type":"","background-media":"","overlay-type":"","overlay-color":"","overlay-opacity":"","overlay-gradient":""}},"footnotes":""},"class_list":["post-1169","page","type-page","status-publish","hentry"],"_links":{"self":[{"href":"https:\/\/sfor.com.br\/produtos\/wp-json\/wp\/v2\/pages\/1169","targetHints":{"allow":["GET"]}}],"collection":[{"href":"https:\/\/sfor.com.br\/produtos\/wp-json\/wp\/v2\/pages"}],"about":[{"href":"https:\/\/sfor.com.br\/produtos\/wp-json\/wp\/v2\/types\/page"}],"author":[{"embeddable":true,"href":"https:\/\/sfor.com.br\/produtos\/wp-json\/wp\/v2\/users\/1"}],"replies":[{"embeddable":true,"href":"https:\/\/sfor.com.br\/produtos\/wp-json\/wp\/v2\/comments?post=1169"}],"version-history":[{"count":0,"href":"https:\/\/sfor.com.br\/produtos\/wp-json\/wp\/v2\/pages\/1169\/revisions"}],"wp:attachment":[{"href":"https:\/\/sfor.com.br\/produtos\/wp-json\/wp\/v2\/media?parent=1169"}],"curies":[{"name":"wp","href":"https:\/\/api.w.org\/{rel}","templated":true}]}}