{"id":1245,"date":"2022-03-03T09:23:19","date_gmt":"2022-03-03T12:23:19","guid":{"rendered":"https:\/\/sfor.com.br\/produtos\/?page_id=1245"},"modified":"2022-03-29T21:38:06","modified_gmt":"2022-03-30T00:38:06","slug":"bucha-especial-02-sk-44","status":"publish","type":"page","link":"https:\/\/sfor.com.br\/produtos\/bucha-especial-02-sk-44\/","title":{"rendered":"Bucha especial 02 sk 44"},"content":{"rendered":"\t\t<div data-elementor-type=\"wp-page\" data-elementor-id=\"1245\" class=\"elementor elementor-1245\" data-elementor-post-type=\"page\">\n\t\t\t\t\t\t<section class=\"elementor-section elementor-top-section elementor-element elementor-element-8338b5a elementor-section-full_width elementor-section-height-default elementor-section-height-default\" data-id=\"8338b5a\" data-element_type=\"section\" data-settings=\"{&quot;ekit_has_onepagescroll_dot&quot;:&quot;yes&quot;}\">\n\t\t\t\t\t\t<div class=\"elementor-container elementor-column-gap-default\">\n\t\t\t\t\t<div class=\"elementor-column elementor-col-100 elementor-top-column elementor-element elementor-element-b9c1edc\" data-id=\"b9c1edc\" data-element_type=\"column\">\n\t\t\t<div class=\"elementor-widget-wrap elementor-element-populated\">\n\t\t\t\t\t\t<div class=\"elementor-element elementor-element-9fd016e elementor-widget elementor-widget-image\" data-id=\"9fd016e\" data-element_type=\"widget\" data-settings=\"{&quot;ekit_we_effect_on&quot;:&quot;none&quot;}\" data-widget_type=\"image.default\">\n\t\t\t\t<div class=\"elementor-widget-container\">\n\t\t\t\t\t\t\t\t\t\t\t\t\t\t\t<img fetchpriority=\"high\" decoding=\"async\" width=\"3189\" height=\"745\" src=\"https:\/\/sfor.com.br\/produtos\/wp-content\/uploads\/2022\/01\/03-PDVs.png\" class=\"attachment-full size-full wp-image-325\" alt=\"\" srcset=\"https:\/\/sfor.com.br\/produtos\/wp-content\/uploads\/2022\/01\/03-PDVs.png 3189w, https:\/\/sfor.com.br\/produtos\/wp-content\/uploads\/2022\/01\/03-PDVs-300x70.png 300w, https:\/\/sfor.com.br\/produtos\/wp-content\/uploads\/2022\/01\/03-PDVs-1024x239.png 1024w, https:\/\/sfor.com.br\/produtos\/wp-content\/uploads\/2022\/01\/03-PDVs-768x179.png 768w, https:\/\/sfor.com.br\/produtos\/wp-content\/uploads\/2022\/01\/03-PDVs-1536x359.png 1536w, https:\/\/sfor.com.br\/produtos\/wp-content\/uploads\/2022\/01\/03-PDVs-2048x478.png 2048w\" sizes=\"(max-width: 3189px) 100vw, 3189px\" \/>\t\t\t\t\t\t\t\t\t\t\t\t\t\t\t<\/div>\n\t\t\t\t<\/div>\n\t\t\t\t\t<\/div>\n\t\t<\/div>\n\t\t\t\t\t<\/div>\n\t\t<\/section>\n\t\t\t\t<section class=\"elementor-section elementor-top-section elementor-element elementor-element-127ec63 elementor-section-boxed elementor-section-height-default elementor-section-height-default\" data-id=\"127ec63\" data-element_type=\"section\" data-settings=\"{&quot;ekit_has_onepagescroll_dot&quot;:&quot;yes&quot;}\">\n\t\t\t\t\t\t<div class=\"elementor-container elementor-column-gap-default\">\n\t\t\t\t\t<div class=\"elementor-column elementor-col-50 elementor-top-column elementor-element elementor-element-129c313\" data-id=\"129c313\" data-element_type=\"column\">\n\t\t\t<div class=\"elementor-widget-wrap elementor-element-populated\">\n\t\t\t\t\t\t<div class=\"elementor-element elementor-element-055b5a0 elementor-widget elementor-widget-image\" data-id=\"055b5a0\" data-element_type=\"widget\" data-settings=\"{&quot;ekit_we_effect_on&quot;:&quot;none&quot;}\" data-widget_type=\"image.default\">\n\t\t\t\t<div class=\"elementor-widget-container\">\n\t\t\t\t\t\t\t\t\t\t\t\t\t\t\t<img decoding=\"async\" width=\"500\" height=\"500\" src=\"https:\/\/sfor.com.br\/produtos\/wp-content\/uploads\/2022\/03\/03-bucha-sk-44.png\" class=\"attachment-large size-large wp-image-1215\" alt=\"\" srcset=\"https:\/\/sfor.com.br\/produtos\/wp-content\/uploads\/2022\/03\/03-bucha-sk-44.png 500w, https:\/\/sfor.com.br\/produtos\/wp-content\/uploads\/2022\/03\/03-bucha-sk-44-300x300.png 300w, https:\/\/sfor.com.br\/produtos\/wp-content\/uploads\/2022\/03\/03-bucha-sk-44-150x150.png 150w\" sizes=\"(max-width: 500px) 100vw, 500px\" \/>\t\t\t\t\t\t\t\t\t\t\t\t\t\t\t<\/div>\n\t\t\t\t<\/div>\n\t\t\t\t\t<\/div>\n\t\t<\/div>\n\t\t\t\t<div class=\"elementor-column elementor-col-50 elementor-top-column elementor-element elementor-element-763dacc\" data-id=\"763dacc\" data-element_type=\"column\" data-settings=\"{&quot;background_background&quot;:&quot;classic&quot;}\">\n\t\t\t<div class=\"elementor-widget-wrap elementor-element-populated\">\n\t\t\t\t\t\t<div class=\"elementor-element elementor-element-715b820 elementor-widget elementor-widget-heading\" data-id=\"715b820\" data-element_type=\"widget\" data-settings=\"{&quot;ekit_we_effect_on&quot;:&quot;none&quot;}\" data-widget_type=\"heading.default\">\n\t\t\t\t<div class=\"elementor-widget-container\">\n\t\t\t\t\t<h2 class=\"elementor-heading-title elementor-size-default\">BUchA sk44<\/h2>\t\t\t\t<\/div>\n\t\t\t\t<\/div>\n\t\t\t\t<div class=\"elementor-element elementor-element-3020c66 elementor-widget elementor-widget-heading\" data-id=\"3020c66\" data-element_type=\"widget\" data-settings=\"{&quot;ekit_we_effect_on&quot;:&quot;none&quot;}\" data-widget_type=\"heading.default\">\n\t\t\t\t<div class=\"elementor-widget-container\">\n\t\t\t\t\t<h2 class=\"elementor-heading-title elementor-size-default\">De Nylon com parafuso Chipboard cabe\u00e7a chata Phillips 4,5 x 60mm<\/h2>\t\t\t\t<\/div>\n\t\t\t\t<\/div>\n\t\t\t\t<div class=\"elementor-element elementor-element-1562c77 elementor-widget elementor-widget-image\" data-id=\"1562c77\" data-element_type=\"widget\" data-settings=\"{&quot;ekit_we_effect_on&quot;:&quot;none&quot;}\" data-widget_type=\"image.default\">\n\t\t\t\t<div class=\"elementor-widget-container\">\n\t\t\t\t\t\t\t\t\t\t\t\t\t\t\t<img decoding=\"async\" width=\"845\" height=\"176\" src=\"https:\/\/sfor.com.br\/produtos\/wp-content\/uploads\/2022\/03\/diagramacao-com-aplicacao-1.png\" class=\"attachment-full size-full wp-image-1247\" alt=\"\" srcset=\"https:\/\/sfor.com.br\/produtos\/wp-content\/uploads\/2022\/03\/diagramacao-com-aplicacao-1.png 845w, https:\/\/sfor.com.br\/produtos\/wp-content\/uploads\/2022\/03\/diagramacao-com-aplicacao-1-300x62.png 300w, https:\/\/sfor.com.br\/produtos\/wp-content\/uploads\/2022\/03\/diagramacao-com-aplicacao-1-768x160.png 768w\" sizes=\"(max-width: 845px) 100vw, 845px\" \/>\t\t\t\t\t\t\t\t\t\t\t\t\t\t\t<\/div>\n\t\t\t\t<\/div>\n\t\t\t\t\t<\/div>\n\t\t<\/div>\n\t\t\t\t\t<\/div>\n\t\t<\/section>\n\t\t\t\t<section class=\"elementor-section elementor-top-section elementor-element elementor-element-39c9575 elementor-section-boxed elementor-section-height-default elementor-section-height-default\" data-id=\"39c9575\" data-element_type=\"section\" data-settings=\"{&quot;ekit_has_onepagescroll_dot&quot;:&quot;yes&quot;}\">\n\t\t\t\t\t\t<div class=\"elementor-container elementor-column-gap-default\">\n\t\t\t\t\t<div class=\"elementor-column elementor-col-100 elementor-top-column elementor-element elementor-element-1d32117\" data-id=\"1d32117\" data-element_type=\"column\">\n\t\t\t<div class=\"elementor-widget-wrap elementor-element-populated\">\n\t\t\t\t\t\t<div class=\"elementor-element elementor-element-6a824a9 elementor-widget elementor-widget-elementskit-table\" data-id=\"6a824a9\" data-element_type=\"widget\" data-settings=\"{&quot;ekit_we_effect_on&quot;:&quot;none&quot;}\" data-widget_type=\"elementskit-table.default\">\n\t\t\t\t<div class=\"elementor-widget-container\">\n\t\t\t\t\t<div class=\"ekit-wid-con\" >\n        <div class=\"ekit_table display  ekit_table_data_type-custom\" data-settings=\"{&quot;fixedHeader&quot;:false,&quot;search&quot;:false,&quot;search_placeholder&quot;:&quot;&quot;,&quot;responsive&quot;:true,&quot;pagination&quot;:false,&quot;button&quot;:true,&quot;entries&quot;:false,&quot;info&quot;:false,&quot;ordering&quot;:false,&quot;searchIcon&quot;:&quot;&quot;,&quot;item_per_page&quot;:100,&quot;nav_style&quot;:&quot;&quot;,&quot;prev_text&quot;:&quot;&quot;,&quot;next_text&quot;:&quot;&quot;,&quot;prev_arrow&quot;:&quot;&quot;,&quot;next_arrow&quot;:&quot;&quot;}\">\n                <table id=\"ekit-table-container-6a824a9\" class=\"display dataTable\" style=\"width:100%\"><thead><tr>                            <th class=\"elementor-repeater-item-90ab29f\"><div class=\"ekit_table_item_container  ekit-table-container- \">\n                                Embalagens                            <\/div><\/th>\n                                                   <th class=\"elementor-repeater-item-4456991\"><div class=\"ekit_table_item_container  ekit-table-container- \">\n                                C\u00f3digo                            <\/div><\/th>\n                                                   <th class=\"elementor-repeater-item-b3afdf4\"><div class=\"ekit_table_item_container  ekit-table-container- \">\n                                Modelo                            <\/div><\/th>\n                                                   <th class=\"elementor-repeater-item-84b536e\"><div class=\"ekit_table_item_container  ekit-table-container- \">\n                                Quantidade                            <\/div><\/th>\n                                                   <th class=\"elementor-repeater-item-879326f\"><div class=\"ekit_table_item_container  ekit-table-container- \">\n                                M\u00faltiplo                            <\/div><\/th>\n                        <\/tr><\/thead><tbody><tr>                            <td data-order=\"Cartela\" class=\"elementor-repeater-item-84d1f16 ekit_table_data_\">\n                                \n                                    <div class=\"ekit_table_body_container ekit_table_data_ ekit_body_align_center\">\n                                        Cartela                                    <\/div>\n\n                                                            <\/td>\n                                                    <td data-order=\"4303\" class=\"elementor-repeater-item-bce23a0 ekit_table_data_\">\n                                \n                                    <div class=\"ekit_table_body_container ekit_table_data_ ekit_body_align_center\">\n                                        4303                                    <\/div>\n\n                                                            <\/td>\n                                                    <td data-order=\"\" class=\"elementor-repeater-item-93d9d52 ekit_table_data_\">\n                                \n                                    <div class=\"ekit_table_body_container ekit_table_data_ ekit_body_align_center\">\n                                                                            <\/div>\n\n                                                            <\/td>\n                                                    <td data-order=\"2\" class=\"elementor-repeater-item-5ff6bc9 ekit_table_data_\">\n                                \n                                    <div class=\"ekit_table_body_container ekit_table_data_ ekit_body_align_center\">\n                                        2                                    <\/div>\n\n                                                            <\/td>\n                                                    <td data-order=\"10\" class=\"elementor-repeater-item-2c93d4a ekit_table_data_\">\n                                \n                                    <div class=\"ekit_table_body_container ekit_table_data_ ekit_body_align_center\">\n                                        10                                    <\/div>\n\n                                                            <\/td>\n                        <tr>                            <td data-order=\"Caixa Profissional\" class=\"elementor-repeater-item-f9c6bf6 ekit_table_data_\">\n                                \n                                    <div class=\"ekit_table_body_container ekit_table_data_ ekit_body_align_center\">\n                                        Caixa Profissional                                    <\/div>\n\n                                                            <\/td>\n                                                    <td data-order=\"4302\" class=\"elementor-repeater-item-0b09208 ekit_table_data_\">\n                                \n                                    <div class=\"ekit_table_body_container ekit_table_data_ ekit_body_align_center\">\n                                        4302                                    <\/div>\n\n                                                            <\/td>\n                                                    <td data-order=\"\" class=\"elementor-repeater-item-448c387 ekit_table_data_\">\n                                \n                                    <div class=\"ekit_table_body_container ekit_table_data_ ekit_body_align_center\">\n                                                                            <\/div>\n\n                                                            <\/td>\n                                                    <td data-order=\"30\" class=\"elementor-repeater-item-1b64434 ekit_table_data_\">\n                                \n                                    <div class=\"ekit_table_body_container ekit_table_data_ ekit_body_align_center\">\n                                        30                                    <\/div>\n\n                                                            <\/td>\n                                                    <td data-order=\"4\" class=\"elementor-repeater-item-b695c2c ekit_table_data_\">\n                                \n                                    <div class=\"ekit_table_body_container ekit_table_data_ ekit_body_align_center\">\n                                        4                                    <\/div>\n\n                                                            <\/td>\n                        <tr>                            <td data-order=\"Caixa P\" class=\"elementor-repeater-item-e389345 ekit_table_data_\">\n                                \n                                    <div class=\"ekit_table_body_container ekit_table_data_ ekit_body_align_center\">\n                                        Caixa P                                    <\/div>\n\n                                                            <\/td>\n                                                    <td data-order=\"4301\" class=\"elementor-repeater-item-f44d2eb ekit_table_data_\">\n                                \n                                    <div class=\"ekit_table_body_container ekit_table_data_ ekit_body_align_center\">\n                                        4301                                    <\/div>\n\n                                                            <\/td>\n                                                    <td data-order=\"\" class=\"elementor-repeater-item-e678eab ekit_table_data_\">\n                                \n                                    <div class=\"ekit_table_body_container ekit_table_data_ ekit_body_align_center\">\n                                                                            <\/div>\n\n                                                            <\/td>\n                                                    <td data-order=\"100\" class=\"elementor-repeater-item-37ef8c6 ekit_table_data_\">\n                                \n                                    <div class=\"ekit_table_body_container ekit_table_data_ ekit_body_align_center\">\n                                        100                                    <\/div>\n\n                                                            <\/td>\n                                                    <td data-order=\"2\" class=\"elementor-repeater-item-f9221f0 ekit_table_data_\">\n                                \n                                    <div class=\"ekit_table_body_container ekit_table_data_ ekit_body_align_center\">\n                                        2                                    <\/div>\n\n                                                            <\/td>\n                         <\/tbody><\/table>        <\/div>\n\n\n\n    <\/div>\t\t\t\t<\/div>\n\t\t\t\t<\/div>\n\t\t\t\t\t<\/div>\n\t\t<\/div>\n\t\t\t\t\t<\/div>\n\t\t<\/section>\n\t\t\t\t<\/div>\n\t\t","protected":false},"excerpt":{"rendered":"<p>BUchA sk44 De Nylon com parafuso Chipboard cabe\u00e7a chata Phillips 4,5 x 60mm Embalagens C\u00f3digo Modelo Quantidade M\u00faltiplo Cartela 4303 2 10 Caixa Profissional 4302 30 4 Caixa P 4301 100 2<\/p>\n","protected":false},"author":1,"featured_media":0,"parent":0,"menu_order":0,"comment_status":"closed","ping_status":"closed","template":"","meta":{"site-sidebar-layout":"no-sidebar","site-content-layout":"page-builder","ast-site-content-layout":"","site-content-style":"default","site-sidebar-style":"default","ast-global-header-display":"","ast-banner-title-visibility":"","ast-main-header-display":"","ast-hfb-above-header-display":"","ast-hfb-below-header-display":"","ast-hfb-mobile-header-display":"","site-post-title":"disabled","ast-breadcrumbs-content":"","ast-featured-img":"disabled","footer-sml-layout":"","theme-transparent-header-meta":"","adv-header-id-meta":"","stick-header-meta":"","header-above-stick-meta":"","header-main-stick-meta":"","header-below-stick-meta":"","astra-migrate-meta-layouts":"default","ast-page-background-enabled":"default","ast-page-background-meta":{"desktop":{"background-color":"var(--ast-global-color-4)","background-image":"","background-repeat":"repeat","background-position":"center center","background-size":"auto","background-attachment":"scroll","background-type":"","background-media":"","overlay-type":"","overlay-color":"","overlay-opacity":"","overlay-gradient":""},"tablet":{"background-color":"","background-image":"","background-repeat":"repeat","background-position":"center center","background-size":"auto","background-attachment":"scroll","background-type":"","background-media":"","overlay-type":"","overlay-color":"","overlay-opacity":"","overlay-gradient":""},"mobile":{"background-color":"","background-image":"","background-repeat":"repeat","background-position":"center center","background-size":"auto","background-attachment":"scroll","background-type":"","background-media":"","overlay-type":"","overlay-color":"","overlay-opacity":"","overlay-gradient":""}},"ast-content-background-meta":{"desktop":{"background-color":"var(--ast-global-color-5)","background-image":"","background-repeat":"repeat","background-position":"center center","background-size":"auto","background-attachment":"scroll","background-type":"","background-media":"","overlay-type":"","overlay-color":"","overlay-opacity":"","overlay-gradient":""},"tablet":{"background-color":"var(--ast-global-color-5)","background-image":"","background-repeat":"repeat","background-position":"center center","background-size":"auto","background-attachment":"scroll","background-type":"","background-media":"","overlay-type":"","overlay-color":"","overlay-opacity":"","overlay-gradient":""},"mobile":{"background-color":"var(--ast-global-color-5)","background-image":"","background-repeat":"repeat","background-position":"center center","background-size":"auto","background-attachment":"scroll","background-type":"","background-media":"","overlay-type":"","overlay-color":"","overlay-opacity":"","overlay-gradient":""}},"footnotes":""},"class_list":["post-1245","page","type-page","status-publish","hentry"],"_links":{"self":[{"href":"https:\/\/sfor.com.br\/produtos\/wp-json\/wp\/v2\/pages\/1245","targetHints":{"allow":["GET"]}}],"collection":[{"href":"https:\/\/sfor.com.br\/produtos\/wp-json\/wp\/v2\/pages"}],"about":[{"href":"https:\/\/sfor.com.br\/produtos\/wp-json\/wp\/v2\/types\/page"}],"author":[{"embeddable":true,"href":"https:\/\/sfor.com.br\/produtos\/wp-json\/wp\/v2\/users\/1"}],"replies":[{"embeddable":true,"href":"https:\/\/sfor.com.br\/produtos\/wp-json\/wp\/v2\/comments?post=1245"}],"version-history":[{"count":0,"href":"https:\/\/sfor.com.br\/produtos\/wp-json\/wp\/v2\/pages\/1245\/revisions"}],"wp:attachment":[{"href":"https:\/\/sfor.com.br\/produtos\/wp-json\/wp\/v2\/media?parent=1245"}],"curies":[{"name":"wp","href":"https:\/\/api.w.org\/{rel}","templated":true}]}}